{"id":22656,"date":"2023-01-25T15:49:00","date_gmt":"2023-01-25T15:49:00","guid":{"rendered":"https:\/\/cleliajewellery.com\/?page_id=22656"},"modified":"2025-01-17T00:27:07","modified_gmt":"2025-01-17T00:27:07","slug":"blog","status":"publish","type":"page","link":"https:\/\/cleliajewellery.com\/en\/blog\/","title":{"rendered":"blog"},"content":{"rendered":"<img loading=\"lazy\" decoding=\"async\" src=\"https:\/\/cleliajewellery.com\/wp-content\/uploads\/2023\/02\/boy-working-grey-laptop.jpg\" alt=\"Blog Clelia Jewellery\" itemprop=\"image\" height=\"1001\" width=\"1500\" title=\"Blog Clelia Jewelery\" onerror=\"this.style.display='none'\"  \/>\n<h1>\n\t\tBLOG\n\t<\/h1>\n\tWelcome to my blog!<br \/>\nHere you can find all the information about my work, products and values as a designer and creator of signature jewellery.<br \/>\nIn addition, you can stay up to date with all the news, news and events related to the brand.<br \/>\nIt is a pleasure to share with you my love and dedication.<br \/>\nThank you for accompanying me on this journey!\n\t\t\t<a href=\"#artigos\" target=\"_self\">\n\t\t\t\t\t\t\tSee Articles\n\t\t\t\t\t<\/a>\n\t<meta itemscope itemprop=\"mainEntityOfPage\" itemtype=\"https:\/\/schema.org\/WebPage\" itemid=\"http:\/\/24121\" content=\"Exposi\u00e7\u00e3o Contra\/Tempo: A Celebra\u00e7\u00e3o do Tempo e da Arte Manual.\" \/><meta itemprop=\"datePublished\" content=\"2025-01-15\" \/><meta itemprop=\"dateModified\" content=\"2025-01-15\" \/><meta itemprop=\"name\" content=\"Clelia\"\/><meta itemprop=\"url\" content=\"https:\/\/cleliajewellery.com\/author\/clelijlluser\/\" \/><meta itemprop=\"name\" content=\"clelijlluser\" \/><meta itemprop=\"url\" content=\"https:\/\/cleliajewellery.com\/wp-content\/uploads\/2025\/01\/Exposicao-Portugal-Manual.jpg\" \/><meta itemprop=\"width\" content=\"800\" \/><meta itemprop=\"height\" content=\"800\" \/><meta itemprop=\"interactionType\" content=\"https:\/\/schema.org\/CommentAction\" \/><meta itemprop=\"userInteractionCount\" content=\"0\" \/>\n\t\t\t\t\t<a href=\"https:\/\/cleliajewellery.com\/en\/exposicao-contra-tempo-a-celebracao-do-tempo-e-da-arte-manual\/\" title=\"Contra\/Tempo Exhibition: The Celebration of Time and Manual Art.\"><\/a>\n\t\t\t\t<img loading=\"lazy\" decoding=\"async\" src=\"https:\/\/cleliajewellery.com\/wp-content\/uploads\/bb-plugin\/cache\/Exposicao-Portugal-Manual-500x500-square-3bed53af00f7fd7a55c95e549eadf8ce-.jpg\" alt=\"Exposi\u00e7\u00e3o-Portugal-Manual\" itemprop=\"image\" data-no-lazy=\"1\" height=\"500\" width=\"500\" title=\"Exhibition-Portugal-Manual\" onerror=\"this.style.display='none'\"  \/>\n\t\t\t\t\t\t\t\t\t<h3 itemprop=\"headline\">\n\t\t\t\t\t\t\t\t\t\t\t\t\t\tContra\/Tempo Exhibition: The Celebration of Time and Manual Art.\t\t\t\t\t\t\t\t\t\t\t<\/h3>\n\t<meta itemscope itemprop=\"mainEntityOfPage\" itemtype=\"https:\/\/schema.org\/WebPage\" itemid=\"http:\/\/23687\" content=\"DESAFIO TINCAL LAB 2022 JOALHARIA E LITERATURA_8\u00ba EDI\u00c7\u00c3O\" \/><meta itemprop=\"datePublished\" content=\"2022-11-12\" \/><meta itemprop=\"dateModified\" content=\"2023-03-31\" \/><meta itemprop=\"name\" content=\"Clelia\"\/><meta itemprop=\"url\" content=\"https:\/\/cleliajewellery.com\/author\/clelijlluser\/\" \/><meta itemprop=\"name\" content=\"clelijlluser\" \/><meta itemprop=\"url\" content=\"https:\/\/cleliajewellery.com\/wp-content\/uploads\/2023\/03\/0.jpg\" \/><meta itemprop=\"width\" content=\"800\" \/><meta itemprop=\"height\" content=\"800\" \/><meta itemprop=\"interactionType\" content=\"https:\/\/schema.org\/CommentAction\" \/><meta itemprop=\"userInteractionCount\" content=\"0\" \/>\n\t\t\t\t\t<a href=\"https:\/\/cleliajewellery.com\/en\/desafio-tincal-lab-2022-joalharia-e-literatura_8o-edicao\/\" title=\"CHALLENGE TINCAL LAB 2022 JEWELRY AND LITERATURE_8th EDITION\"><\/a>\n\t\t\t\t<img loading=\"lazy\" decoding=\"async\" src=\"https:\/\/cleliajewellery.com\/wp-content\/uploads\/bb-plugin\/cache\/0-500x500-square-3db564e2f8cd47e727428486726426ce-.jpg\" alt=\"\" itemprop=\"image\" data-no-lazy=\"1\" height=\"500\" width=\"500\" onerror=\"this.style.display='none'\"  \/>\n\t\t\t\t\t\t\t\t\t<h3 itemprop=\"headline\">\n\t\t\t\t\t\t\t\t\t\t\t\t\t\tCHALLENGE TINCAL LAB 2022 JEWELRY AND LITERATURE_8th EDITION\t\t\t\t\t\t\t\t\t\t\t<\/h3>\n\t<meta itemscope itemprop=\"mainEntityOfPage\" itemtype=\"https:\/\/schema.org\/WebPage\" itemid=\"http:\/\/23683\" content=\"1\u00aa Edi\u00e7\u00e3o da Bienal Artes &#038; Of\u00edcios Novo Design\" \/><meta itemprop=\"datePublished\" content=\"2022-09-30\" \/><meta itemprop=\"dateModified\" content=\"2023-12-05\" \/><meta itemprop=\"name\" content=\"Clelia\"\/><meta itemprop=\"url\" content=\"https:\/\/cleliajewellery.com\/author\/clelijlluser\/\" \/><meta itemprop=\"name\" content=\"clelijlluser\" \/><meta itemprop=\"url\" content=\"https:\/\/cleliajewellery.com\/wp-content\/uploads\/2023\/03\/Untitled-1.jpg\" \/><meta itemprop=\"width\" content=\"800\" \/><meta itemprop=\"height\" content=\"800\" \/><meta itemprop=\"interactionType\" content=\"https:\/\/schema.org\/CommentAction\" \/><meta itemprop=\"userInteractionCount\" content=\"0\" \/>\n\t\t\t\t\t<a href=\"https:\/\/cleliajewellery.com\/en\/1a-edicao-da-bienal-artes-oficios-novo-design\/\" title=\"1st Edition of the New Design Arts &amp; Crafts Biennial\"><\/a>\n\t\t\t\t<img loading=\"lazy\" decoding=\"async\" src=\"https:\/\/cleliajewellery.com\/wp-content\/uploads\/bb-plugin\/cache\/Untitled-1-500x500-square-3c57c714397b0228ab352f9e272ea167-.jpg\" alt=\"Untitled-1\" itemprop=\"image\" data-no-lazy=\"1\" height=\"500\" width=\"500\" title=\"untitled-1\" onerror=\"this.style.display='none'\"  \/>\n\t\t\t\t\t\t\t\t\t<h3 itemprop=\"headline\">\n\t\t\t\t\t\t\t\t\t\t\t\t\t\t1st Edition of the New Design Arts &amp; Crafts Biennial\t\t\t\t\t\t\t\t\t\t\t<\/h3>\n\t<meta itemscope itemprop=\"mainEntityOfPage\" itemtype=\"https:\/\/schema.org\/WebPage\" itemid=\"http:\/\/1454\" content=\"PORTUGUESE JEWELLERY X MAAT : RE think.act.shape 2021\" \/><meta itemprop=\"datePublished\" content=\"2022-01-19\" \/><meta itemprop=\"dateModified\" content=\"2023-03-17\" \/><meta itemprop=\"name\" content=\"Clelia\"\/><meta itemprop=\"url\" content=\"https:\/\/cleliajewellery.com\/author\/simonebarbosa\/\" \/><meta itemprop=\"name\" content=\"simonebarbosa\" \/><meta itemprop=\"url\" content=\"https:\/\/cleliajewellery.com\/wp-content\/uploads\/2022\/01\/AORPXMAATsite.jpg\" \/><meta itemprop=\"width\" content=\"800\" \/><meta itemprop=\"height\" content=\"800\" \/><meta itemprop=\"interactionType\" content=\"https:\/\/schema.org\/CommentAction\" \/><meta itemprop=\"userInteractionCount\" content=\"0\" \/>\n\t\t\t\t\t<a href=\"https:\/\/cleliajewellery.com\/en\/portuguese-jewellery-x-maat-re-think-act-shape\/\" title=\"PORTUGUESE JEWELLERY X MAAT : RE think.act.shape 2021\"><\/a>\n\t\t\t\t<img loading=\"lazy\" decoding=\"async\" src=\"https:\/\/cleliajewellery.com\/wp-content\/uploads\/bb-plugin\/cache\/AORPXMAATsite-500x500-square-000ab307e657943f7f6a25c6dc94e6ce-.jpg\" alt=\"AORPXMAATsite\" itemprop=\"image\" data-no-lazy=\"1\" height=\"500\" width=\"500\" title=\"AORPXMAATsite\" onerror=\"this.style.display='none'\"  \/>\n\t\t\t\t\t\t\t\t\t<h3 itemprop=\"headline\">\n\t\t\t\t\t\t\t\t\t\t\t\t\t\tPORTUGUESE JEWELLERY X MAAT : RE think.act.shape 2021\t\t\t\t\t\t\t\t\t\t\t<\/h3>\n\t<meta itemscope itemprop=\"mainEntityOfPage\" itemtype=\"https:\/\/schema.org\/WebPage\" itemid=\"http:\/\/1384\" content=\"TINCAL LAB CHALLENGE 2021: Jewelry and Nature\" \/><meta itemprop=\"datePublished\" content=\"2021-09-27\" \/><meta itemprop=\"dateModified\" content=\"2023-03-12\" \/><meta itemprop=\"name\" content=\"Clelia\"\/><meta itemprop=\"url\" content=\"https:\/\/cleliajewellery.com\/author\/simonebarbosa\/\" \/><meta itemprop=\"name\" content=\"simonebarbosa\" \/><meta itemprop=\"url\" content=\"https:\/\/cleliajewellery.com\/wp-content\/uploads\/2021\/09\/Tincal-lab-challenge-1.jpg\" \/><meta itemprop=\"width\" content=\"800\" \/><meta itemprop=\"height\" content=\"800\" \/><meta itemprop=\"interactionType\" content=\"https:\/\/schema.org\/CommentAction\" \/><meta itemprop=\"userInteractionCount\" content=\"0\" \/>\n\t\t\t\t\t<a href=\"https:\/\/cleliajewellery.com\/en\/tincal-lab-challenge-2021-jewelry-and-nature\/\" title=\"TINCAL LAB CHALLENGE 2021: Jewelry and Nature\"><\/a>\n\t\t\t\t<img loading=\"lazy\" decoding=\"async\" src=\"https:\/\/cleliajewellery.com\/wp-content\/uploads\/bb-plugin\/cache\/Tincal-lab-challenge-1-500x500-square-728b080b39abf63f40433d5466f34da4-.jpg\" alt=\"Tincal lab challenge\" itemprop=\"image\" data-no-lazy=\"1\" height=\"500\" width=\"500\" title=\"tincal lab challenge\" onerror=\"this.style.display='none'\"  \/>\n\t\t\t\t\t\t\t\t\t<h3 itemprop=\"headline\">\n\t\t\t\t\t\t\t\t\t\t\t\t\t\tTINCAL LAB CHALLENGE 2021: Jewelry and Nature\t\t\t\t\t\t\t\t\t\t\t<\/h3>\n\t<meta itemscope itemprop=\"mainEntityOfPage\" itemtype=\"https:\/\/schema.org\/WebPage\" itemid=\"http:\/\/1260\" content=\"PRIMEIRA POP-UP STORE PORTUGAL MANUAL\" \/><meta itemprop=\"datePublished\" content=\"2020-11-27\" \/><meta itemprop=\"dateModified\" content=\"2023-03-17\" \/><meta itemprop=\"name\" content=\"Clelia\"\/><meta itemprop=\"url\" content=\"https:\/\/cleliajewellery.com\/author\/simonebarbosa\/\" \/><meta itemprop=\"name\" content=\"simonebarbosa\" \/><meta itemprop=\"url\" content=\"https:\/\/cleliajewellery.com\/wp-content\/uploads\/2020\/11\/POP-UPsite.jpg\" \/><meta itemprop=\"width\" content=\"800\" \/><meta itemprop=\"height\" content=\"800\" \/><meta itemprop=\"interactionType\" content=\"https:\/\/schema.org\/CommentAction\" \/><meta itemprop=\"userInteractionCount\" content=\"0\" \/>\n\t\t\t\t\t<a href=\"https:\/\/cleliajewellery.com\/en\/primeira-pop-up-store-portugal-manual\/\" title=\"FIRST POP-UP STORE PORTUGAL MANUAL\"><\/a>\n\t\t\t\t<img loading=\"lazy\" decoding=\"async\" src=\"https:\/\/cleliajewellery.com\/wp-content\/uploads\/bb-plugin\/cache\/POP-UPsite-500x500-square-fddee9db3279c7cbd3268239b881c315-.jpg\" alt=\"POP UPsite\" itemprop=\"image\" data-no-lazy=\"1\" height=\"500\" width=\"500\" title=\"POP UP site\" onerror=\"this.style.display='none'\"  \/>\n\t\t\t\t\t\t\t\t\t<h3 itemprop=\"headline\">\n\t\t\t\t\t\t\t\t\t\t\t\t\t\tFIRST POP-UP STORE PORTUGAL MANUAL\t\t\t\t\t\t\t\t\t\t\t<\/h3>\n\t<meta itemscope itemprop=\"mainEntityOfPage\" itemtype=\"https:\/\/schema.org\/WebPage\" itemid=\"http:\/\/1209\" content=\"A Caba\u00e7a &#124; uma cole\u00e7\u00e3o de joias com hist\u00f3ria\" \/><meta itemprop=\"datePublished\" content=\"2020-09-30\" \/><meta itemprop=\"dateModified\" content=\"2023-03-17\" \/><meta itemprop=\"name\" content=\"Clelia\"\/><meta itemprop=\"url\" content=\"https:\/\/cleliajewellery.com\/author\/simonebarbosa\/\" \/><meta itemprop=\"name\" content=\"simonebarbosa\" \/><meta itemprop=\"url\" content=\"https:\/\/cleliajewellery.com\/wp-content\/uploads\/2020\/09\/IMG_3788.png\" \/><meta itemprop=\"width\" content=\"800\" \/><meta itemprop=\"height\" content=\"800\" \/><meta itemprop=\"interactionType\" content=\"https:\/\/schema.org\/CommentAction\" \/><meta itemprop=\"userInteractionCount\" content=\"0\" \/>\n\t\t\t\t\t<a href=\"https:\/\/cleliajewellery.com\/en\/a-cabaca\/\" title=\"The Gourd | a collection of jewels with history\"><\/a>\n\t\t\t\t<img loading=\"lazy\" decoding=\"async\" src=\"https:\/\/cleliajewellery.com\/wp-content\/uploads\/bb-plugin\/cache\/IMG_3788-500x500-square-5bbb01ab7345c8090b0bfef8fc85d3a4-.png\" alt=\"IMG_3788\" itemprop=\"image\" data-no-lazy=\"1\" height=\"500\" width=\"500\" title=\"IMG_3788\" onerror=\"this.style.display='none'\"  \/>\n\t\t\t\t\t\t\t\t\t<h3 itemprop=\"headline\">\n\t\t\t\t\t\t\t\t\t\t\t\t\t\tThe Gourd | a collection of jewels with history\t\t\t\t\t\t\t\t\t\t\t<\/h3>\n\t<meta itemscope itemprop=\"mainEntityOfPage\" itemtype=\"https:\/\/schema.org\/WebPage\" itemid=\"http:\/\/1211\" content=\"Fui dar um Lamir\u00e9\" \/><meta itemprop=\"datePublished\" content=\"2020-09-12\" \/><meta itemprop=\"dateModified\" content=\"2023-03-17\" \/><meta itemprop=\"name\" content=\"Clelia\"\/><meta itemprop=\"url\" content=\"https:\/\/cleliajewellery.com\/author\/simonebarbosa\/\" \/><meta itemprop=\"name\" content=\"simonebarbosa\" \/><meta itemprop=\"url\" content=\"https:\/\/cleliajewellery.com\/wp-content\/uploads\/2020\/09\/Captura-de-ecra-2020-09-08-as-16.41.45.png\" \/><meta itemprop=\"width\" content=\"444\" \/><meta itemprop=\"height\" content=\"444\" \/><meta itemprop=\"interactionType\" content=\"https:\/\/schema.org\/CommentAction\" \/><meta itemprop=\"userInteractionCount\" content=\"0\" \/>\n\t\t\t\t\t<a href=\"https:\/\/cleliajewellery.com\/en\/fui-dar-um-lamire\/\" title=\"I went to give a Lamir\u00e9\"><\/a>\n\t\t\t\t<img loading=\"lazy\" decoding=\"async\" src=\"https:\/\/cleliajewellery.com\/wp-content\/uploads\/bb-plugin\/cache\/Captura-de-ecra-2020-09-08-as-16.41.45-square-cf85c24d6ed7908be9098ab53741daea-.png\" alt=\"Captura de ecra\u0303 2020-09-08, a\u0300s 16.41.45\" itemprop=\"image\" data-no-lazy=\"1\" height=\"444\" width=\"444\" title=\"Screenshot 2020-09-08, at 16.41.45\" onerror=\"this.style.display='none'\"  \/>\n\t\t\t\t\t\t\t\t\t<h3 itemprop=\"headline\">\n\t\t\t\t\t\t\t\t\t\t\t\t\t\tI went to give a Lamir\u00e9\t\t\t\t\t\t\t\t\t\t\t<\/h3>\n\t<meta itemscope itemprop=\"mainEntityOfPage\" itemtype=\"https:\/\/schema.org\/WebPage\" itemid=\"http:\/\/1198\" content=\"Ol\u00e1 Lisboa!\" \/><meta itemprop=\"datePublished\" content=\"2020-09-08\" \/><meta itemprop=\"dateModified\" content=\"2023-03-17\" \/><meta itemprop=\"name\" content=\"Clelia\"\/><meta itemprop=\"url\" content=\"https:\/\/cleliajewellery.com\/author\/simonebarbosa\/\" \/><meta itemprop=\"name\" content=\"simonebarbosa\" \/><meta itemprop=\"url\" content=\"https:\/\/cleliajewellery.com\/wp-content\/uploads\/2020\/09\/10.jpeg\" \/><meta itemprop=\"width\" content=\"1474\" \/><meta itemprop=\"height\" content=\"1474\" \/><meta itemprop=\"interactionType\" content=\"https:\/\/schema.org\/CommentAction\" \/><meta itemprop=\"userInteractionCount\" content=\"0\" \/>\n\t\t\t\t\t<a href=\"https:\/\/cleliajewellery.com\/en\/ola-lisboa-nova-colecao\/\" title=\"Hello Lisbon!\"><\/a>\n\t\t\t\t<img loading=\"lazy\" decoding=\"async\" src=\"https:\/\/cleliajewellery.com\/wp-content\/uploads\/bb-plugin\/cache\/10-500x500-square-fcf71a57e8ffb51a0dfa93f974a3b598-.jpeg\" alt=\"10\" itemprop=\"image\" data-no-lazy=\"1\" height=\"500\" width=\"500\" title=\"10\" onerror=\"this.style.display='none'\"  \/>\n\t\t\t\t\t\t\t\t\t<h3 itemprop=\"headline\">\n\t\t\t\t\t\t\t\t\t\t\t\t\t\tHello Lisbon!\t\t\t\t\t\t\t\t\t\t\t<\/h3>\n\t<meta itemscope itemprop=\"mainEntityOfPage\" itemtype=\"https:\/\/schema.org\/WebPage\" itemid=\"http:\/\/903\" content=\"Alian\u00e7as de casamento &#8211; sim&#8230;aceito!!\" \/><meta itemprop=\"datePublished\" content=\"2019-10-23\" \/><meta itemprop=\"dateModified\" content=\"2023-03-17\" \/><meta itemprop=\"name\" content=\"Clelia\"\/><meta itemprop=\"url\" content=\"https:\/\/cleliajewellery.com\/author\/simonebarbosa\/\" \/><meta itemprop=\"name\" content=\"simonebarbosa\" \/><meta itemprop=\"url\" content=\"https:\/\/cleliajewellery.com\/wp-content\/uploads\/2019\/10\/RECORTADA-1-1.jpg\" \/><meta itemprop=\"width\" content=\"800\" \/><meta itemprop=\"height\" content=\"800\" \/><meta itemprop=\"interactionType\" content=\"https:\/\/schema.org\/CommentAction\" \/><meta itemprop=\"userInteractionCount\" content=\"0\" \/>\n\t\t\t\t\t<a href=\"https:\/\/cleliajewellery.com\/en\/aliancas-sim-aceito\/\" title=\"Wedding rings \u2013 yes\u2026accepted!!\"><\/a>\n\t\t\t\t<img loading=\"lazy\" decoding=\"async\" src=\"https:\/\/cleliajewellery.com\/wp-content\/uploads\/bb-plugin\/cache\/RECORTADA-1-1-500x500-square-7d262918b126ae0f3a1b2c90ee31efad-.jpg\" alt=\"RECORTADA 1\" itemprop=\"image\" data-no-lazy=\"1\" height=\"500\" width=\"500\" title=\"CUT OUT 1\" onerror=\"this.style.display='none'\"  \/>\n\t\t\t\t\t\t\t\t\t<h3 itemprop=\"headline\">\n\t\t\t\t\t\t\t\t\t\t\t\t\t\tWedding rings \u2013 yes\u2026accepted!!\t\t\t\t\t\t\t\t\t\t\t<\/h3>\n\t<meta itemscope itemprop=\"mainEntityOfPage\" itemtype=\"https:\/\/schema.org\/WebPage\" itemid=\"http:\/\/889\" content=\"EVENTO COLLECTIVA &#124; EXPOSI\u00c7\u00c3O INTERNACIONAL 2019 &#124; JOALHARIA CONTEMPOR\u00c2NEA\" \/><meta itemprop=\"datePublished\" content=\"2019-10-23\" \/><meta itemprop=\"dateModified\" content=\"2023-03-17\" \/><meta itemprop=\"name\" content=\"Clelia\"\/><meta itemprop=\"url\" content=\"https:\/\/cleliajewellery.com\/author\/simonebarbosa\/\" \/><meta itemprop=\"name\" content=\"simonebarbosa\" \/><meta itemprop=\"url\" content=\"https:\/\/cleliajewellery.com\/wp-content\/uploads\/2019\/10\/site-2-1.jpg\" \/><meta itemprop=\"width\" content=\"800\" \/><meta itemprop=\"height\" content=\"800\" \/><meta itemprop=\"interactionType\" content=\"https:\/\/schema.org\/CommentAction\" \/><meta itemprop=\"userInteractionCount\" content=\"0\" \/>\n\t\t\t\t\t<a href=\"https:\/\/cleliajewellery.com\/en\/evento-collectiva-exposicao-internacional-2019\/\" title=\"COLLECTIVE EVENT | INTERNATIONAL EXHIBITION 2019 | CONTEMPORARY JEWELERY\"><\/a>\n\t\t\t\t<img loading=\"lazy\" decoding=\"async\" src=\"https:\/\/cleliajewellery.com\/wp-content\/uploads\/bb-plugin\/cache\/site-2-1-500x500-square-26981b946fa3108275de0ba1c64335f6-.jpg\" alt=\"site\" itemprop=\"image\" data-no-lazy=\"1\" height=\"500\" width=\"500\" title=\"site\" onerror=\"this.style.display='none'\"  \/>\n\t\t\t\t\t\t\t\t\t<h3 itemprop=\"headline\">\n\t\t\t\t\t\t\t\t\t\t\t\t\t\tCOLLECTIVE EVENT | INTERNATIONAL EXHIBITION 2019 | CONTEMPORARY JEWELERY\t\t\t\t\t\t\t\t\t\t\t<\/h3>\n\t<meta itemscope itemprop=\"mainEntityOfPage\" itemtype=\"https:\/\/schema.org\/WebPage\" itemid=\"http:\/\/847\" content=\"EXPOSI\u00c7\u00c3O CLUBE HEBRAICA S.PAULO \/ PORTUGAL MANUAL\" \/><meta itemprop=\"datePublished\" content=\"2019-08-05\" \/><meta itemprop=\"dateModified\" content=\"2023-03-17\" \/><meta itemprop=\"name\" content=\"Clelia\"\/><meta itemprop=\"url\" content=\"https:\/\/cleliajewellery.com\/author\/simonebarbosa\/\" \/><meta itemprop=\"name\" content=\"simonebarbosa\" \/><meta itemprop=\"url\" content=\"https:\/\/cleliajewellery.com\/wp-content\/uploads\/2019\/08\/Untitled-2.jpg\" \/><meta itemprop=\"width\" content=\"800\" \/><meta itemprop=\"height\" content=\"800\" \/><meta itemprop=\"interactionType\" content=\"https:\/\/schema.org\/CommentAction\" \/><meta itemprop=\"userInteractionCount\" content=\"0\" \/>\n\t\t\t\t\t<a href=\"https:\/\/cleliajewellery.com\/en\/exposicao-clube-hebraica-s-paulo\/\" title=\"EXHIBITION CLUB HEBRAICA S.PAULO \/ PORTUGAL MANUAL\"><\/a>\n\t\t\t\t<img loading=\"lazy\" decoding=\"async\" src=\"https:\/\/cleliajewellery.com\/wp-content\/uploads\/bb-plugin\/cache\/Untitled-2-500x500-square-731d746af101f41069fcc0c5c33954c3-.jpg\" alt=\"Untitled-2\" itemprop=\"image\" data-no-lazy=\"1\" height=\"500\" width=\"500\" title=\"untitled-2\" onerror=\"this.style.display='none'\"  \/>\n\t\t\t\t\t\t\t\t\t<h3 itemprop=\"headline\">\n\t\t\t\t\t\t\t\t\t\t\t\t\t\tEXHIBITION CLUB HEBRAICA S.PAULO \/ PORTUGAL MANUAL\t\t\t\t\t\t\t\t\t\t\t<\/h3>\n\t<meta itemscope itemprop=\"mainEntityOfPage\" itemtype=\"https:\/\/schema.org\/WebPage\" itemid=\"http:\/\/841\" content=\"EXPOSI\u00c7\u00c3O RIO DE JANEIRO &#8211; CIDADE DAS ARTES \/ PORTUGAL 360 &#8211; PORTUGAL MANUAL\" \/><meta itemprop=\"datePublished\" content=\"2019-08-05\" \/><meta itemprop=\"dateModified\" content=\"2023-03-17\" \/><meta itemprop=\"name\" content=\"Clelia\"\/><meta itemprop=\"url\" content=\"https:\/\/cleliajewellery.com\/author\/simonebarbosa\/\" \/><meta itemprop=\"name\" content=\"simonebarbosa\" \/><meta itemprop=\"url\" content=\"https:\/\/cleliajewellery.com\/wp-content\/uploads\/2019\/08\/IMG_20190521_205759.jpg\" \/><meta itemprop=\"width\" content=\"699\" \/><meta itemprop=\"height\" content=\"976\" \/><meta itemprop=\"interactionType\" content=\"https:\/\/schema.org\/CommentAction\" \/><meta itemprop=\"userInteractionCount\" content=\"0\" \/>\n\t\t\t\t\t<a href=\"https:\/\/cleliajewellery.com\/en\/exposicao-rio-de-janeiro-cidade-das-artes-portugal-360\/\" title=\"EXHIBITION RIO DE JANEIRO \u2013 CITY OF ARTS \/ PORTUGAL 360 \u2013 PORTUGAL MANUAL\"><\/a>\n\t\t\t\t<img loading=\"lazy\" decoding=\"async\" src=\"https:\/\/cleliajewellery.com\/wp-content\/uploads\/bb-plugin\/cache\/IMG_20190521_205759-358x500-square-0bd9f06d97dd7ed917e99f2431122cd4-.jpg\" alt=\"IMG_20190521_205759\" itemprop=\"image\" data-no-lazy=\"1\" height=\"500\" width=\"358\" title=\"IMG_20190521_205759\" onerror=\"this.style.display='none'\"  \/>\n\t\t\t\t\t\t\t\t\t<h3 itemprop=\"headline\">\n\t\t\t\t\t\t\t\t\t\t\t\t\t\tEXHIBITION RIO DE JANEIRO \u2013 CITY OF ARTS \/ PORTUGAL 360 \u2013 PORTUGAL MANUAL\t\t\t\t\t\t\t\t\t\t\t<\/h3>\n\t<meta itemscope itemprop=\"mainEntityOfPage\" itemtype=\"https:\/\/schema.org\/WebPage\" itemid=\"http:\/\/750\" content=\"Exposi\u00e7\u00f5es S\u00e3o Paulo  &#8211; Casa Manual \/ Shopping Morumbi\" \/><meta itemprop=\"datePublished\" content=\"2019-04-29\" \/><meta itemprop=\"dateModified\" content=\"2023-03-17\" \/><meta itemprop=\"name\" content=\"Clelia\"\/><meta itemprop=\"url\" content=\"https:\/\/cleliajewellery.com\/author\/simonebarbosa\/\" \/><meta itemprop=\"name\" content=\"simonebarbosa\" \/><meta itemprop=\"url\" content=\"https:\/\/cleliajewellery.com\/wp-content\/uploads\/2019\/04\/blog2.jpg\" \/><meta itemprop=\"width\" content=\"800\" \/><meta itemprop=\"height\" content=\"800\" \/><meta itemprop=\"interactionType\" content=\"https:\/\/schema.org\/CommentAction\" \/><meta itemprop=\"userInteractionCount\" content=\"0\" \/>\n\t\t\t\t\t<a href=\"https:\/\/cleliajewellery.com\/en\/exposicoes-sao-paulo-casa-manual-shopping-morumbi\/\" title=\"Exhibitions S\u00e3o Paulo \u2013 Casa Manual \/ Shopping Morumbi\"><\/a>\n\t\t\t\t<img loading=\"lazy\" decoding=\"async\" src=\"https:\/\/cleliajewellery.com\/wp-content\/uploads\/bb-plugin\/cache\/blog2-500x500-square-1cab5f2312d1b6b421d6123008884fea-.jpg\" alt=\"blog2\" itemprop=\"image\" data-no-lazy=\"1\" height=\"500\" width=\"500\" title=\"blog2\" onerror=\"this.style.display='none'\"  \/>\n\t\t\t\t\t\t\t\t\t<h3 itemprop=\"headline\">\n\t\t\t\t\t\t\t\t\t\t\t\t\t\tExhibitions S\u00e3o Paulo \u2013 Casa Manual \/ Shopping Morumbi\t\t\t\t\t\t\t\t\t\t\t<\/h3>\n\t<meta itemscope itemprop=\"mainEntityOfPage\" itemtype=\"https:\/\/schema.org\/WebPage\" itemid=\"http:\/\/737\" content=\"Exposi\u00e7\u00e3o &quot;O artesanto em transforma\u00e7\u00e3o&quot; em S\u00e3o Paulo\" \/><meta itemprop=\"datePublished\" content=\"2019-04-29\" \/><meta itemprop=\"dateModified\" content=\"2023-03-17\" \/><meta itemprop=\"name\" content=\"Clelia\"\/><meta itemprop=\"url\" content=\"https:\/\/cleliajewellery.com\/author\/simonebarbosa\/\" \/><meta itemprop=\"name\" content=\"simonebarbosa\" \/><meta itemprop=\"url\" content=\"https:\/\/cleliajewellery.com\/wp-content\/uploads\/2019\/04\/blog-1.jpg\" \/><meta itemprop=\"width\" content=\"800\" \/><meta itemprop=\"height\" content=\"800\" \/><meta itemprop=\"interactionType\" content=\"https:\/\/schema.org\/CommentAction\" \/><meta itemprop=\"userInteractionCount\" content=\"0\" \/>\n\t\t\t\t\t<a href=\"https:\/\/cleliajewellery.com\/en\/exposicao-o-artesanto-em-transformacao-em-sao-paulo\/\" title=\"Exhibition &quot;The artisan in transformation&quot; in S\u00e3o Paulo\"><\/a>\n\t\t\t\t<img loading=\"lazy\" decoding=\"async\" src=\"https:\/\/cleliajewellery.com\/wp-content\/uploads\/bb-plugin\/cache\/blog-1-500x500-square-20c7cc708f97904b82fa0746cbac827d-.jpg\" alt=\"blog-1\" itemprop=\"image\" data-no-lazy=\"1\" height=\"500\" width=\"500\" title=\"blog-1\" onerror=\"this.style.display='none'\"  \/>\n\t\t\t\t\t\t\t\t\t<h3 itemprop=\"headline\">\n\t\t\t\t\t\t\t\t\t\t\t\t\t\tExhibition &quot;The artisan in transformation&quot; in S\u00e3o Paulo\t\t\t\t\t\t\t\t\t\t\t<\/h3>\n\t\t<!-- .pp-content-posts -->","protected":false},"excerpt":{"rendered":"<p>BLOG Welcome to my blog! Here you can find all the information about my work, products and values as a designer and creator of designer jewelry. Furthermore, you will be able to stay up to date with all the news, news and events related to the brand. It is a pleasure to share my love and dedication with you.\u2026<\/p>","protected":false},"author":1,"featured_media":0,"parent":0,"menu_order":0,"comment_status":"closed","ping_status":"closed","template":"","meta":{"_joinchat":[],"footnotes":""},"class_list":["post-22656","page","type-page","status-publish","hentry"],"_links":{"self":[{"href":"https:\/\/cleliajewellery.com\/en\/wp-json\/wp\/v2\/pages\/22656","targetHints":{"allow":["GET"]}}],"collection":[{"href":"https:\/\/cleliajewellery.com\/en\/wp-json\/wp\/v2\/pages"}],"about":[{"href":"https:\/\/cleliajewellery.com\/en\/wp-json\/wp\/v2\/types\/page"}],"author":[{"embeddable":true,"href":"https:\/\/cleliajewellery.com\/en\/wp-json\/wp\/v2\/users\/1"}],"replies":[{"embeddable":true,"href":"https:\/\/cleliajewellery.com\/en\/wp-json\/wp\/v2\/comments?post=22656"}],"version-history":[{"count":14,"href":"https:\/\/cleliajewellery.com\/en\/wp-json\/wp\/v2\/pages\/22656\/revisions"}],"predecessor-version":[{"id":24175,"href":"https:\/\/cleliajewellery.com\/en\/wp-json\/wp\/v2\/pages\/22656\/revisions\/24175"}],"wp:attachment":[{"href":"https:\/\/cleliajewellery.com\/en\/wp-json\/wp\/v2\/media?parent=22656"}],"curies":[{"name":"wp","href":"https:\/\/api.w.org\/{rel}","templated":true}]}}