{"id":22991,"date":"2023-03-11T16:19:06","date_gmt":"2023-03-11T16:19:06","guid":{"rendered":"https:\/\/cleliajewellery.com\/?page_id=22991"},"modified":"2023-07-12T11:30:39","modified_gmt":"2023-07-12T11:30:39","slug":"palm-tree","status":"publish","type":"page","link":"https:\/\/cleliajewellery.com\/en\/palm-tree\/","title":{"rendered":"Palm Tree"},"content":{"rendered":"\n<img decoding=\"async\" loading=\"false\" src=\"https:\/\/cleliajewellery.com\/wp-content\/uploads\/2018\/03\/PALM3-ANEIS-CLELIAJEWELLERY.jpg\" alt=\"\">\t\t\t\n\t\t\t<img decoding=\"async\" loading=\"false\" src=\"https:\/\/cleliajewellery.com\/wp-content\/uploads\/2019\/11\/colar-palm3SITE-1.jpg\" alt=\"\">\t\t\t\n\t\t\t<img decoding=\"async\" loading=\"false\" src=\"https:\/\/cleliajewellery.com\/wp-content\/uploads\/2019\/11\/palm3-brincos-peq-SITE-1.jpg\" alt=\"\">\t\t\t\n\t\t\n\t\t\t<p>A Palmeira reconhece-se como uma \u00e1rvore de grande magnitude e ra\u00edzes vigorosas, por\u00e9m tem na sua estrutura um car\u00e1cter d\u00f3cil e male\u00e1vel que lhe confere a for\u00e7a para resistir \u00e0s condi\u00e7\u00f5es mais adversas.Com inspira\u00e7\u00e3o nos seus cachos suspensos da palmeira e com inspira\u00e7\u00e3o emocional na Mulher aut\u00eantica , que carrega as suas vulnerabilidades como a sua maior for\u00e7a, esta cole\u00e7\u00e3o explora a rela\u00e7\u00e3o complexa entre o robusto e o delicado.Um verdadeiro retrato da M\u00e3e Natureza.<\/p>\t\t\n\t\t\t\t<a href=\"#mais\" role=\"button\" target=\"_self\" rel=\"noopener\">\n\t\t\t\t\t\t\t\t\t\tVer Cole\u00e7\u00e3o\t\t\t\t\t\t\t\t\t<\/a>\n\t\t\t\tFiltros\n\t\t\t\t\t\t\tFiltros\n\t\t\t\t<div id='iksm-22675' class='iksm iksm-22675 iksm-container '  data-id='22675' data-is-pro='1' data-source='taxonomy'><div class='iksm-terms'><div class='iksm-terms-tree iksm-terms-tree--level-1 iksm-terms-tree--parents' style=''><div class=\"iksm-terms-tree__inner\">\n        <div class=\"iksm-term iksm-term--id-85 iksm-term--parent\" data-id=\"85\">\n            <div class=\"iksm-term__inner\" tabindex='0'>\n                <a class=\"iksm-term__link\" href='https:\/\/cleliajewellery.com\/en\/product-category\/aneis\/' target='_self' tabindex='-1'>\n\t\t\t\t        <span class=\"iksm-term__text\">An\u00e9is<\/span>\n\t\t            <\/a>\n\t\t\t        <\/div>\n\t\t        <\/div>\n\n\t\t\n        <div class=\"iksm-term iksm-term--id-87 iksm-term--parent\" data-id=\"87\">\n            <div class=\"iksm-term__inner\" tabindex='0'>\n                <a class=\"iksm-term__link\" href='https:\/\/cleliajewellery.com\/en\/product-category\/brincos\/' target='_self' tabindex='-1'>\n\t\t\t\t        <span class=\"iksm-term__text\">Brincos<\/span>\n\t\t            <\/a>\n\t\t\t        <\/div>\n\t\t        <\/div>\n\n\t\t\n        <div class=\"iksm-term iksm-term--id-89 iksm-term--parent\" data-id=\"89\">\n            <div class=\"iksm-term__inner\" tabindex='0'>\n                <a class=\"iksm-term__link\" href='https:\/\/cleliajewellery.com\/en\/product-category\/colares\/' target='_self' tabindex='-1'>\n\t\t\t\t        <span class=\"iksm-term__text\">Colares<\/span>\n\t\t            <\/a>\n\t\t\t        <\/div>\n\t\t        <\/div>\n\n\t\t\n        <div class=\"iksm-term iksm-term--id-91 iksm-term--parent\" data-id=\"91\">\n            <div class=\"iksm-term__inner\" tabindex='0'>\n                <a class=\"iksm-term__link\" href='https:\/\/cleliajewellery.com\/en\/product-category\/alfinetes\/' target='_self' tabindex='-1'>\n\t\t\t\t        <span class=\"iksm-term__text\">Alfinetes<\/span>\n\t\t            <\/a>\n\t\t\t        <\/div>\n\t\t        <\/div>\n\n\t\t\n        <div class=\"iksm-term iksm-term--id-92 iksm-term--parent\" data-id=\"92\">\n            <div class=\"iksm-term__inner\" tabindex='0'>\n                <a class=\"iksm-term__link\" href='https:\/\/cleliajewellery.com\/en\/product-category\/pulseiras\/' target='_self' tabindex='-1'>\n\t\t\t\t        <span class=\"iksm-term__text\">Pulseiras<\/span>\n\t\t            <\/a>\n\t\t\t        <\/div>\n\t\t        <\/div>\n\n\t\t\n        <div class=\"iksm-term iksm-term--id-131 iksm-term--parent\" data-id=\"131\">\n            <div class=\"iksm-term__inner\" tabindex='0'>\n                <a class=\"iksm-term__link\" href='https:\/\/cleliajewellery.com\/en\/product-category\/decoracao\/' target='_self' tabindex='-1'>\n\t\t\t\t        <span class=\"iksm-term__text\">Decora\u00e7\u00e3o<\/span>\n\t\t            <\/a>\n\t\t\t        <\/div>\n\t\t        <\/div>\n\n\t\t\n        <div class=\"iksm-term iksm-term--id-203 iksm-term--parent\" data-id=\"203\">\n            <div class=\"iksm-term__inner\" tabindex='0'>\n                <a class=\"iksm-term__link\" href='https:\/\/cleliajewellery.com\/en\/product-category\/pecas-unicas\/' target='_self' tabindex='-1'>\n\t\t\t\t        <span class=\"iksm-term__text\">Pe\u00e7as \u00danicas<\/span>\n\t\t            <\/a>\n\t\t\t        <\/div>\n\t\t        <\/div>\n\n\t\t<\/div><\/div><\/div><div id=\"iksm_data_args\" class=\"data-args\"  data-collapse_children_terms='1' data-collapse_other_terms='1' data-collapse_animation_duration='400' data-expand_animation_duration='400'><\/div><\/div><script id=\"styles-copier-6a046b0ec9371\">\n\t\t\t\/\/ Finding styles element\n\t        var element = document.getElementById(\"iksm-dynamic-style\");\n\t        if (!element) { \/\/ If no element (Cache plugins can remove tag), then creating a new one\n                element = document.createElement('style');\n                var head = document.getElementsByTagName(\"head\")\n                if (head && head[0]) {\n                \thead[0].appendChild(element);\n                } else {\n                  \tconsole.warn(\"Iks Menu | Error while printing styles. Please contact technical support.\");\n                }\n\t        }\n\t\t\t\/\/ Copying styles to <styles> tag\n\t        element.innerHTML += \".iksm-22675 .iksm-terms{transition:all 400ms;animation:iks-fade-in 1000ms;}.iksm-22675 .iksm-terms-tree--children > .iksm-terms-tree__inner{animation:iks-zoom-in 400ms;}.iksm-22675 .iksm-term__inner{background-color:rgba(255,255,255,1);min-height:35px;transition:all 400ms;}.iksm-22675 .iksm-term__inner:hover{background-color:rgba(236,236,236,1);}.iksm-22675 .iksm-term--current > .iksm-term__inner{background-color:rgba(212,212,212,1);}.iksm-22675 .iksm-term__link{color:rgba(0,0,0,1);font-size:15px;line-height:15px;font-weight:300;text-decoration:none;padding-top:5px;padding-right:15px;padding-bottom:5px;padding-left:15px;transition:all 400ms;}.iksm-22675 .iksm-term__inner:hover .iksm-term__link{color:rgba(50,50,50,1);}.iksm-22675 .iksm-term__toggle__inner{transition:transform 400ms}.iksm-22675 .iksm-term--expanded > .iksm-term__inner > .iksm-term__toggle > .iksm-term__toggle__inner{transform:rotate(180deg);}.iksm-22675 .iksm-term__toggle{color:rgba(133,133,132,0.24);font-size:22px;align-self:stretch;height:unset;;width:40px;transition:all 400ms;}.iksm-22675 .iksm-term__toggle:hover{color:rgba(0,0,0,1);}.iksm-22675 .iksm-term__inner:hover .iksm-term__toggle{background-color:rgba(152,151,161,1);}.iksm-22675 .iksm-term__image-container{width:30px;min-width:30px;height:30px;min-height:30px;margin-right:15px;transition:all 400ms;}.iksm-22675 .iksm-term__image{background-size:contain;background-position:center;background-repeat:no-repeat;}.iksm-22675 .iksm-term__image-container:hover{background-size:contain;background-position:center;background-repeat:no-repeat;}.iksm-22675 .iksm-term__inner:hover .iksm-term__image-container{background-size:contain;background-position:center;background-repeat:no-repeat;}.iksm-22675 .iksm-term__inner:focus .iksm-term__image-container{background-size:contain;background-position:center;background-repeat:no-repeat;}.iksm-22675 .iksm-term--current > .iksm-term__inner .iksm-term__image-container{background-size:contain;background-position:center;background-repeat:no-repeat;}.iksm-22675 .iksm-term--child .iksm-term__inner .iksm-term__image-container{background-size:contain;background-position:center;background-repeat:no-repeat;}.iksm-22675 .iksm-term--child .iksm-term__inner .iksm-term__image-container:hover{background-size:contain;background-position:center;background-repeat:no-repeat;}.iksm-22675 .iksm-term--child .iksm-term__inner .iksm-term__image-container:focus{background-size:contain;background-position:center;background-repeat:no-repeat;}.iksm-22675 .iksm-term--child.iksm-term--current > .iksm-term__inner .iksm-term__image-container{background-size:contain;background-position:center;background-repeat:no-repeat;}.iksm-22675  .iksm-term__text{flex: unset}.iksm-22675 .iksm-term__posts-count{color:rgba(133,133,133,1);font-size:16px;margin-left:12px;font-weight:400;transition:all 400ms;}.iksm-22675 .iksm-term--collapsing > .iksm-terms-tree--children > .iksm-terms-tree__inner{animation:iks-zoom-out 400ms;}\";\n\t        \/\/ Removing this script\n            var this_script = document.getElementById(\"styles-copier-6a046b0ec9371\");\n            if (this_script) { \/\/ Cache plugins can remove tag\n\t            this_script.outerHTML = \"\";\n\t            if (this_script.parentNode) {\n\t                this_script.parentNode.removeChild(this_script);\n\t            }\n            }\n        <\/script>\n<div class=\"berocket_single_filter_widget berocket_single_filter_widget_23081 bapf_wid_ \" data-wid=\"\" data-id=\"23081\" style=\"\"><div class=\"bapf_sfilter bapf_slct\" data-op=\"AND\" data-taxonomy=\"pa_selecione-a-cor\" data-name=\"Selecione a Cor\" id=\"bapf_1\"><div class=\"bapf_head\"><h3>Selecione a Cor<\/h3><\/div><div class=\"bapf_body\"><select class=\"bapf_select2\"><option id=\"bapf_1_any\" value=\"\">Todos<\/option><option data-name=\"Prata 925\" id=\"bapf_1_173\" value=\"173\">Prata 925<\/option><option data-name=\"Prata Banhada a Ouro 24K\" id=\"bapf_1_174\" value=\"174\">Prata Banhada a Ouro 24K<\/option><option data-name=\"Prata Oxidada\" id=\"bapf_1_175\" value=\"175\">Prata Oxidada<\/option><\/select><\/div><\/div><\/div><br>\n<div class=\"berocket_single_filter_widget berocket_single_filter_widget_23082 bapf_wid_ \" data-wid=\"\" data-id=\"23082\" style=\"\"><div class=\"bapf_sfilter bapf_slct\" data-op=\"OR\" data-taxonomy=\"pa_pedra\" data-name=\"Selecione a Pedra\" id=\"bapf_2\"><div class=\"bapf_head\"><h3>Selecione a Pedra<\/h3><\/div><div class=\"bapf_body\"><select multiple=\"multiple\" class=\"bapf_select2\" data-placeholder=\"Todos\"><option data-name=\"Azul\" id=\"bapf_2_197\" value=\"197\">Azul<\/option><option data-name=\"Bege (Jade)\" id=\"bapf_2_210\" value=\"210\">Bege (Jade)<\/option><option data-name=\"Branco\" id=\"bapf_2_195\" value=\"195\">Branco<\/option><option data-name=\"Cereja (Dolomita)\" id=\"bapf_2_211\" value=\"211\">Cereja (Dolomita)<\/option><option data-name=\"Preta (Onix)\" id=\"bapf_2_333\" value=\"333\">Preta (Onix)<\/option><option data-name=\"Rosa\" id=\"bapf_2_215\" value=\"215\">Rosa<\/option><option data-name=\"Rosa (Quartz)\" id=\"bapf_2_209\" value=\"209\">Rosa (Quartz)<\/option><option data-name=\"Verde (Jade)\" id=\"bapf_2_196\" value=\"196\">Verde (Jade)<\/option><option data-name=\"Verde (Quartz)\" id=\"bapf_2_328\" value=\"328\">Verde (Quartz)<\/option><\/select><\/div><\/div><\/div><br>\n<div class=\"berocket_single_filter_widget berocket_single_filter_widget_23083 bapf_wid_ \" data-wid=\"\" data-id=\"23083\" style=\"\"><div class=\"bapf_sfilter bapf_slct\" data-op=\"AND\" data-taxonomy=\"pa_tamanho\" data-name=\"Selecione o Tamanho\" id=\"bapf_3\"><div class=\"bapf_head\"><h3>Selecione o Tamanho<\/h3><\/div><div class=\"bapf_body\"><select class=\"bapf_select2\"><option id=\"bapf_3_any\" value=\"\">Todos<\/option><option data-name=\"12\" id=\"bapf_3_192\" value=\"192\">12<\/option><option data-name=\"13\" id=\"bapf_3_193\" value=\"193\">13<\/option><option data-name=\"14\" id=\"bapf_3_187\" value=\"187\">14<\/option><option data-name=\"15\" id=\"bapf_3_188\" value=\"188\">15<\/option><option data-name=\"16\" id=\"bapf_3_189\" value=\"189\">16<\/option><option data-name=\"17\" id=\"bapf_3_190\" value=\"190\">17<\/option><option data-name=\"18\" id=\"bapf_3_191\" value=\"191\">18<\/option><\/select><\/div><\/div><\/div><br>\n<div class=\"berocket_single_filter_widget berocket_single_filter_widget_23095 bapf_wid_ \" data-wid=\"\" data-id=\"23095\" style=\"\"><div class=\"bapf_sfilter bapf_slct\" data-op=\"AND\" data-taxonomy=\"product_tag\" data-name=\"Cole&ccedil;&atilde;o\" id=\"bapf_4\"><div class=\"bapf_head\"><h3>Cole\u00e7\u00e3o<\/h3><\/div><div class=\"bapf_body\"><select class=\"bapf_select2\"><option id=\"bapf_4_any\" value=\"\">Todos<\/option><option data-name=\"ALFINETE DE PEITO\" id=\"bapf_4_355\" value=\"355\">ALFINETE DE PEITO<\/option><option data-name=\"Alian&ccedil;a\" id=\"bapf_4_336\" value=\"336\">Alian\u00e7a<\/option><option data-name=\"Amor\" id=\"bapf_4_337\" value=\"337\">Amor<\/option><option data-name=\"Anan&aacute;s\" id=\"bapf_4_182\" value=\"182\">Anan\u00e1s<\/option><option data-name=\"Andorinh&atilde;o\" id=\"bapf_4_183\" value=\"183\">Andorinh\u00e3o<\/option><option data-name=\"Anel\" id=\"bapf_4_339\" value=\"339\">Anel<\/option><option data-name=\"ANELPRTA\" id=\"bapf_4_348\" value=\"348\">ANELPRTA<\/option><option data-name=\"bijoux\" id=\"bapf_4_349\" value=\"349\">bijoux<\/option><option data-name=\"Bot&acirc;nico\" id=\"bapf_4_327\" value=\"327\">Bot\u00e2nico<\/option><option data-name=\"Brincos\" id=\"bapf_4_334\" value=\"334\">Brincos<\/option><option data-name=\"Brincos Longos\" id=\"bapf_4_340\" value=\"340\">Brincos Longos<\/option><option data-name=\"BROOCH\" id=\"bapf_4_354\" value=\"354\">BROOCH<\/option><option data-name=\"Candy\" id=\"bapf_4_338\" value=\"338\">Candy<\/option><option data-name=\"colar\" id=\"bapf_4_321\" value=\"321\">colar<\/option><option data-name=\"COLARES\" id=\"bapf_4_356\" value=\"356\">COLARES<\/option><option data-name=\"craft\" id=\"bapf_4_332\" value=\"332\">craft<\/option><option data-name=\"earrings\" id=\"bapf_4_350\" value=\"350\">earrings<\/option><option data-name=\"Espiga\" id=\"bapf_4_184\" value=\"184\">Espiga<\/option><option data-name=\"feito &agrave; m&atilde;o\" id=\"bapf_4_330\" value=\"330\">feito \u00e0 m\u00e3o<\/option><option data-name=\"Fungi\" id=\"bapf_4_177\" value=\"177\">Fungi<\/option><option data-name=\"Girassol\" id=\"bapf_4_212\" value=\"212\">Girassol<\/option><option data-name=\"jewellery\" id=\"bapf_4_322\" value=\"322\">jewellery<\/option><option data-name=\"jewelry\" id=\"bapf_4_331\" value=\"331\">jewelry<\/option><option data-name=\"joalharia\" id=\"bapf_4_329\" value=\"329\">joalharia<\/option><option data-name=\"joalharia de autor\" id=\"bapf_4_324\" value=\"324\">joalharia de autor<\/option><option data-name=\"joias\" id=\"bapf_4_323\" value=\"323\">joias<\/option><option data-name=\"Just Bee\" id=\"bapf_4_180\" value=\"180\">Just Bee<\/option><option data-name=\"Kaki\" id=\"bapf_4_179\" value=\"179\">Kaki<\/option><option data-name=\"Magn&oacute;lia\" id=\"bapf_4_178\" value=\"178\">Magn\u00f3lia<\/option><option data-name=\"Maria\" id=\"bapf_4_335\" value=\"335\">Maria<\/option><option data-name=\"Mulher\" id=\"bapf_4_213\" value=\"213\">Mulher<\/option><option data-name=\"necklace\" id=\"bapf_4_341\" value=\"341\">necklace<\/option><option data-name=\"Palm Tree\" id=\"bapf_4_185\" value=\"185\">Palm Tree<\/option><option data-name=\"Petra\" id=\"bapf_4_344\" value=\"344\">Petra<\/option><option data-name=\"plata\" id=\"bapf_4_352\" value=\"352\">plata<\/option><option data-name=\"prata\" id=\"bapf_4_325\" value=\"325\">prata<\/option><option data-name=\"prata dourada\" id=\"bapf_4_326\" value=\"326\">prata dourada<\/option><option data-name=\"pulseira\" id=\"bapf_4_342\" value=\"342\">pulseira<\/option><option data-name=\"Pulseira de prata\" id=\"bapf_4_358\" value=\"358\">Pulseira de prata<\/option><option data-name=\"Ramo\" id=\"bapf_4_200\" value=\"200\">Ramo<\/option><option data-name=\"RING\" id=\"bapf_4_347\" value=\"347\">RING<\/option><option data-name=\"Rom&atilde;\" id=\"bapf_4_181\" value=\"181\">Rom\u00e3<\/option><option data-name=\"Sahara\" id=\"bapf_4_186\" value=\"186\">Sahara<\/option><option data-name=\"silver bracelet\" id=\"bapf_4_359\" value=\"359\">silver bracelet<\/option><option data-name=\"silver earrings\" id=\"bapf_4_351\" value=\"351\">silver earrings<\/option><option data-name=\"silver necklace\" id=\"bapf_4_357\" value=\"357\">silver necklace<\/option><option data-name=\"Twist\" id=\"bapf_4_343\" value=\"343\">Twist<\/option><option data-name=\"Violeta\" id=\"bapf_4_214\" value=\"214\">Violeta<\/option><\/select><\/div><\/div><\/div><br>\n<div class=\"berocket_single_filter_widget berocket_single_filter_widget_23084 bapf_wid_ \" data-wid=\"\" data-id=\"23084\" style=\"\"><div class=\"bapf_sfilter bapf_slidr bapf_slidr_jqrui\" data-op=\"slidr\" data-taxonomy=\"price\" data-name=\"Filtrar por Pre&ccedil;o\" id=\"bapf_5\"><div class=\"bapf_head\"><h3>Filtrar por Pre\u00e7o<\/h3><\/div><div class=\"bapf_body\"><div class=\"bapf_slidr_all\"><div class=\"bapf_slidr_main bapf_slidr_num\" data-display=\"wc_price\" data-min=\"0\" data-start=\"0\" data-max=\"375\" data-end=\"375\" data-step=\"1\" data-number_style=\"[&quot;&quot;,&quot;,&quot;,&quot;2&quot;]\"><\/div><span class=\"bapf_from\"><span class=\"bapf_tbprice\">&euro;<\/span><span class=\"bapf_val\"><\/span><\/span><span class=\"bapf_to\"><span class=\"bapf_tbprice\">&euro;<\/span><span class=\"bapf_val\"><\/span><\/span><\/div><\/div><\/div><\/div><br>\n<div class=\"berocket_single_filter_widget berocket_single_filter_widget_23085 bapf_wid_ \" data-wid=\"\" data-id=\"23085\" style=\"\"><div class=\"bapf_sfilter bapf_button_berocket\"><div class=\"bapf_body\"><button class=\"bapf_button bapf_reset\">Limpar Filtros<\/button><\/div><\/div><\/div>\n\t\t\t<ul>\n<li id=\"woopack-product-1571\" data-product-id=\"1571\">\n\t<a href=\"https:\/\/cleliajewellery.com\/produto\/palm3-brinco-pequeno-dourado\/\" rel=\"bookmark\" title=\"PALM3 BRINCO\">\n\t\t\t<img width=\"300\" height=\"300\" src=\"https:\/\/cleliajewellery.com\/wp-content\/uploads\/2023\/03\/PALM3-BRINCOS-300x300.jpg\" alt=\"\" decoding=\"async\" loading=\"lazy\" data-no-lazy=\"1\" srcset=\"https:\/\/cleliajewellery.com\/wp-content\/uploads\/2023\/03\/PALM3-BRINCOS-300x300.jpg 300w, https:\/\/cleliajewellery.com\/wp-content\/uploads\/2023\/03\/PALM3-BRINCOS-500x500.jpg 500w, https:\/\/cleliajewellery.com\/wp-content\/uploads\/2023\/03\/PALM3-BRINCOS-768x768.jpg 768w, https:\/\/cleliajewellery.com\/wp-content\/uploads\/2023\/03\/PALM3-BRINCOS-12x12.jpg 12w, https:\/\/cleliajewellery.com\/wp-content\/uploads\/2023\/03\/PALM3-BRINCOS-600x600.jpg 600w, https:\/\/cleliajewellery.com\/wp-content\/uploads\/2023\/03\/PALM3-BRINCOS-100x100.jpg 100w, https:\/\/cleliajewellery.com\/wp-content\/uploads\/2023\/03\/PALM3-BRINCOS-64x64.jpg 64w, https:\/\/cleliajewellery.com\/wp-content\/uploads\/2023\/03\/PALM3-BRINCOS.jpg 800w\" sizes=\"auto, (max-width: 300px) 100vw, 300px\">\n\t\t\t\t\t\t\tQuick View\n\t\t\t\t\t<\/a>\n<h2>\n\t<a href=\"https:\/\/cleliajewellery.com\/produto\/palm3-brinco-pequeno-dourado\/\" rel=\"bookmark\" title=\"PALM3 BRINCO\">\n\t\tPALM3 BRINCO\t<\/a>\n<\/h2>\n\tDesde <bdi>91,00&nbsp;\u20ac<\/bdi>\n<\/li>\n<li id=\"woopack-product-1552\" data-product-id=\"1552\">\n\t<a href=\"https:\/\/cleliajewellery.com\/produto\/palm3-anel-dourado\/\" rel=\"bookmark\" title=\"PALM3 ANEL\">\n\t\t\t<img width=\"300\" height=\"300\" src=\"https:\/\/cleliajewellery.com\/wp-content\/uploads\/2019\/11\/palm3-gold-fing-SITE-1-300x300.jpg\" alt=\"\" decoding=\"async\" loading=\"lazy\" data-no-lazy=\"1\" srcset=\"https:\/\/cleliajewellery.com\/wp-content\/uploads\/2019\/11\/palm3-gold-fing-SITE-1-300x300.jpg 300w, https:\/\/cleliajewellery.com\/wp-content\/uploads\/2019\/11\/palm3-gold-fing-SITE-1-100x100.jpg 100w, https:\/\/cleliajewellery.com\/wp-content\/uploads\/2019\/11\/palm3-gold-fing-SITE-1-600x600.jpg 600w, https:\/\/cleliajewellery.com\/wp-content\/uploads\/2019\/11\/palm3-gold-fing-SITE-1-64x64.jpg 64w, https:\/\/cleliajewellery.com\/wp-content\/uploads\/2019\/11\/palm3-gold-fing-SITE-1-500x500.jpg 500w, https:\/\/cleliajewellery.com\/wp-content\/uploads\/2019\/11\/palm3-gold-fing-SITE-1-768x768.jpg 768w, https:\/\/cleliajewellery.com\/wp-content\/uploads\/2019\/11\/palm3-gold-fing-SITE-1-12x12.jpg 12w, https:\/\/cleliajewellery.com\/wp-content\/uploads\/2019\/11\/palm3-gold-fing-SITE-1.jpg 800w\" sizes=\"auto, (max-width: 300px) 100vw, 300px\">\n\t\t\t\t\t\t\tQuick View\n\t\t\t\t\t<\/a>\n<h2>\n\t<a href=\"https:\/\/cleliajewellery.com\/produto\/palm3-anel-dourado\/\" rel=\"bookmark\" title=\"PALM3 ANEL\">\n\t\tPALM3 ANEL\t<\/a>\n<\/h2>\n\tDesde <bdi>80,00&nbsp;\u20ac<\/bdi>\n<\/li>\n<li id=\"woopack-product-1555\" data-product-id=\"1555\">\n\t<a href=\"https:\/\/cleliajewellery.com\/produto\/palm3-colar\/\" rel=\"bookmark\" title=\"PALM3 COLAR\">\n\t\t\t<img width=\"300\" height=\"300\" src=\"https:\/\/cleliajewellery.com\/wp-content\/uploads\/2019\/11\/PALM3-CHAIN-NECKALCE-1-300x300.jpg\" alt=\"\" decoding=\"async\" loading=\"lazy\" data-no-lazy=\"1\" srcset=\"https:\/\/cleliajewellery.com\/wp-content\/uploads\/2019\/11\/PALM3-CHAIN-NECKALCE-1-300x300.jpg 300w, https:\/\/cleliajewellery.com\/wp-content\/uploads\/2019\/11\/PALM3-CHAIN-NECKALCE-1-100x100.jpg 100w, https:\/\/cleliajewellery.com\/wp-content\/uploads\/2019\/11\/PALM3-CHAIN-NECKALCE-1-600x600.jpg 600w, https:\/\/cleliajewellery.com\/wp-content\/uploads\/2019\/11\/PALM3-CHAIN-NECKALCE-1-64x64.jpg 64w, https:\/\/cleliajewellery.com\/wp-content\/uploads\/2019\/11\/PALM3-CHAIN-NECKALCE-1-500x500.jpg 500w, https:\/\/cleliajewellery.com\/wp-content\/uploads\/2019\/11\/PALM3-CHAIN-NECKALCE-1-768x768.jpg 768w, https:\/\/cleliajewellery.com\/wp-content\/uploads\/2019\/11\/PALM3-CHAIN-NECKALCE-1-12x12.jpg 12w, https:\/\/cleliajewellery.com\/wp-content\/uploads\/2019\/11\/PALM3-CHAIN-NECKALCE-1.jpg 800w\" sizes=\"auto, (max-width: 300px) 100vw, 300px\">\n\t\t\t\t\t\t\tQuick View\n\t\t\t\t\t<\/a>\n<h2>\n\t<a href=\"https:\/\/cleliajewellery.com\/produto\/palm3-colar\/\" rel=\"bookmark\" title=\"PALM3 COLAR\">\n\t\tPALM3 COLAR\t<\/a>\n<\/h2>\n\tDesde <bdi>80,00&nbsp;\u20ac<\/bdi>\n<\/li>\n<li id=\"woopack-product-1507\" data-product-id=\"1507\">\n\t<a href=\"https:\/\/cleliajewellery.com\/produto\/palm3-brincos-longos\/\" rel=\"bookmark\" title=\"PALM3 BRINCOS  LONGOS\">\n\t\t\t<img width=\"300\" height=\"300\" src=\"https:\/\/cleliajewellery.com\/wp-content\/uploads\/2018\/03\/brincos-palm3-cleliajewellery-3-300x300.jpg\" alt=\"brincos-palm3-cleliajewellery-3\" decoding=\"async\" loading=\"lazy\" data-no-lazy=\"1\" srcset=\"https:\/\/cleliajewellery.com\/wp-content\/uploads\/2018\/03\/brincos-palm3-cleliajewellery-3-300x300.jpg 300w, https:\/\/cleliajewellery.com\/wp-content\/uploads\/2018\/03\/brincos-palm3-cleliajewellery-3-100x100.jpg 100w, https:\/\/cleliajewellery.com\/wp-content\/uploads\/2018\/03\/brincos-palm3-cleliajewellery-3-600x600.jpg 600w, https:\/\/cleliajewellery.com\/wp-content\/uploads\/2018\/03\/brincos-palm3-cleliajewellery-3-64x64.jpg 64w, https:\/\/cleliajewellery.com\/wp-content\/uploads\/2018\/03\/brincos-palm3-cleliajewellery-3-500x500.jpg 500w, https:\/\/cleliajewellery.com\/wp-content\/uploads\/2018\/03\/brincos-palm3-cleliajewellery-3-768x768.jpg 768w, https:\/\/cleliajewellery.com\/wp-content\/uploads\/2018\/03\/brincos-palm3-cleliajewellery-3-12x12.jpg 12w, https:\/\/cleliajewellery.com\/wp-content\/uploads\/2018\/03\/brincos-palm3-cleliajewellery-3.jpg 800w\" sizes=\"auto, (max-width: 300px) 100vw, 300px\">\n\t\t\t\t\t\t\tQuick View\n\t\t\t\t\t<\/a>\n<h2>\n\t<a href=\"https:\/\/cleliajewellery.com\/produto\/palm3-brincos-longos\/\" rel=\"bookmark\" title=\"PALM3 BRINCOS  LONGOS\">\n\t\tPALM3 BRINCOS  LONGOS\t<\/a>\n<\/h2>\n\tDesde <bdi>122,00&nbsp;\u20ac<\/bdi>\n<\/li>\n\t\t\t\t\n\t\t\t<\/ul>\n","protected":false},"excerpt":{"rendered":"<p>The palm tree is recognized as a tree of great magnitude and vigorous roots, but its structure has a docile and malleable character that gives it the strength to resist the most adverse conditions. Inspired by its clusters suspended from the palm tree and with emotional inspiration in Authentic woman, who carries her vulnerabilities as\u2026<\/p>","protected":false},"author":1,"featured_media":0,"parent":0,"menu_order":0,"comment_status":"closed","ping_status":"closed","template":"","meta":{"_joinchat":[],"footnotes":""},"class_list":["post-22991","page","type-page","status-publish","hentry"],"_links":{"self":[{"href":"https:\/\/cleliajewellery.com\/en\/wp-json\/wp\/v2\/pages\/22991","targetHints":{"allow":["GET"]}}],"collection":[{"href":"https:\/\/cleliajewellery.com\/en\/wp-json\/wp\/v2\/pages"}],"about":[{"href":"https:\/\/cleliajewellery.com\/en\/wp-json\/wp\/v2\/types\/page"}],"author":[{"embeddable":true,"href":"https:\/\/cleliajewellery.com\/en\/wp-json\/wp\/v2\/users\/1"}],"replies":[{"embeddable":true,"href":"https:\/\/cleliajewellery.com\/en\/wp-json\/wp\/v2\/comments?post=22991"}],"version-history":[{"count":8,"href":"https:\/\/cleliajewellery.com\/en\/wp-json\/wp\/v2\/pages\/22991\/revisions"}],"predecessor-version":[{"id":23808,"href":"https:\/\/cleliajewellery.com\/en\/wp-json\/wp\/v2\/pages\/22991\/revisions\/23808"}],"wp:attachment":[{"href":"https:\/\/cleliajewellery.com\/en\/wp-json\/wp\/v2\/media?parent=22991"}],"curies":[{"name":"wp","href":"https:\/\/api.w.org\/{rel}","templated":true}]}}