{"id":23044,"date":"2023-03-11T23:16:01","date_gmt":"2023-03-11T23:16:01","guid":{"rendered":"https:\/\/cleliajewellery.com\/?page_id=23044"},"modified":"2023-07-12T11:32:36","modified_gmt":"2023-07-12T11:32:36","slug":"ramo","status":"publish","type":"page","link":"https:\/\/cleliajewellery.com\/en\/ramo\/","title":{"rendered":"Branch"},"content":{"rendered":"\n\n\t\t\t<img decoding=\"async\" loading='false' src=\"https:\/\/cleliajewellery.com\/wp-content\/uploads\/2019\/06\/CLELIAJEWELLERY_-NECKLACE-EARRINGS-RAMO.jpg\" alt=\"\" \/>\t\t\t\n\t\t\n\t\t\t<p>Os sons da Natureza quase que podem ser ouvidos nesta delicada cole\u00e7\u00e3o.Com a Natureza aprendemos que tudo cresce de novo, que retorna, e que pode ser ainda mais belo. Como tal \u00e9 nosso dever proteg\u00ea-la!<\/p>\t\t\n\t\t\t\t<a href=\"#mais\" role=\"button\" target=\"_self\" rel=\"noopener\">\n\t\t\t\t\t\t\t\t\t\tVer Cole\u00e7\u00e3o\t\t\t\t\t\t\t\t\t<\/a>\n\t\t\t\tFiltros\n\t\t\t\t\t\t\tFiltros\n\t\t\t\t<div id='iksm-22675' class='iksm iksm-22675 iksm-container '  data-id='22675' data-is-pro='1' data-source='taxonomy'><div class='iksm-terms'><div class='iksm-terms-tree iksm-terms-tree--level-1 iksm-terms-tree--parents' style=''><div class=\"iksm-terms-tree__inner\">\n        <div class=\"iksm-term iksm-term--id-85 iksm-term--parent\" data-id=\"85\">\n            <div class=\"iksm-term__inner\" tabindex='0'>\n                <a class=\"iksm-term__link\" href='https:\/\/cleliajewellery.com\/en\/product-category\/aneis\/' target='_self' tabindex='-1'>\n\t\t\t\t        <span class=\"iksm-term__text\">An\u00e9is<\/span>\n\t\t            <\/a>\n\t\t\t        <\/div>\n\t\t        <\/div>\n\n\t\t\n        <div class=\"iksm-term iksm-term--id-87 iksm-term--parent\" data-id=\"87\">\n            <div class=\"iksm-term__inner\" tabindex='0'>\n                <a class=\"iksm-term__link\" href='https:\/\/cleliajewellery.com\/en\/product-category\/brincos\/' target='_self' tabindex='-1'>\n\t\t\t\t        <span class=\"iksm-term__text\">Brincos<\/span>\n\t\t            <\/a>\n\t\t\t        <\/div>\n\t\t        <\/div>\n\n\t\t\n        <div class=\"iksm-term iksm-term--id-89 iksm-term--parent\" data-id=\"89\">\n            <div class=\"iksm-term__inner\" tabindex='0'>\n                <a class=\"iksm-term__link\" href='https:\/\/cleliajewellery.com\/en\/product-category\/colares\/' target='_self' tabindex='-1'>\n\t\t\t\t        <span class=\"iksm-term__text\">Colares<\/span>\n\t\t            <\/a>\n\t\t\t        <\/div>\n\t\t        <\/div>\n\n\t\t\n        <div class=\"iksm-term iksm-term--id-91 iksm-term--parent\" data-id=\"91\">\n            <div class=\"iksm-term__inner\" tabindex='0'>\n                <a class=\"iksm-term__link\" href='https:\/\/cleliajewellery.com\/en\/product-category\/alfinetes\/' target='_self' tabindex='-1'>\n\t\t\t\t        <span class=\"iksm-term__text\">Alfinetes<\/span>\n\t\t            <\/a>\n\t\t\t        <\/div>\n\t\t        <\/div>\n\n\t\t\n        <div class=\"iksm-term iksm-term--id-92 iksm-term--parent\" data-id=\"92\">\n            <div class=\"iksm-term__inner\" tabindex='0'>\n                <a class=\"iksm-term__link\" href='https:\/\/cleliajewellery.com\/en\/product-category\/pulseiras\/' target='_self' tabindex='-1'>\n\t\t\t\t        <span class=\"iksm-term__text\">Pulseiras<\/span>\n\t\t            <\/a>\n\t\t\t        <\/div>\n\t\t        <\/div>\n\n\t\t\n        <div class=\"iksm-term iksm-term--id-131 iksm-term--parent\" data-id=\"131\">\n            <div class=\"iksm-term__inner\" tabindex='0'>\n                <a class=\"iksm-term__link\" href='https:\/\/cleliajewellery.com\/en\/product-category\/decoracao\/' target='_self' tabindex='-1'>\n\t\t\t\t        <span class=\"iksm-term__text\">Decora\u00e7\u00e3o<\/span>\n\t\t            <\/a>\n\t\t\t        <\/div>\n\t\t        <\/div>\n\n\t\t\n        <div class=\"iksm-term iksm-term--id-203 iksm-term--parent\" data-id=\"203\">\n            <div class=\"iksm-term__inner\" tabindex='0'>\n                <a class=\"iksm-term__link\" href='https:\/\/cleliajewellery.com\/en\/product-category\/pecas-unicas\/' target='_self' tabindex='-1'>\n\t\t\t\t        <span class=\"iksm-term__text\">Pe\u00e7as \u00danicas<\/span>\n\t\t            <\/a>\n\t\t\t        <\/div>\n\t\t        <\/div>\n\n\t\t<\/div><\/div><\/div><div id=\"iksm_data_args\" class=\"data-args\"  data-collapse_children_terms='1' data-collapse_other_terms='1' data-collapse_animation_duration='400' data-expand_animation_duration='400'><\/div><\/div><script id=\"styles-copier-69def777043d0\">\n\t\t\t\/\/ Finding styles element\n\t        var element = document.getElementById(\"iksm-dynamic-style\");\n\t        if (!element) { \/\/ If no element (Cache plugins can remove tag), then creating a new one\n                element = document.createElement('style');\n                var head = document.getElementsByTagName(\"head\")\n                if (head && head[0]) {\n                \thead[0].appendChild(element);\n                } else {\n                  \tconsole.warn(\"Iks Menu | Error while printing styles. Please contact technical support.\");\n                }\n\t        }\n\t\t\t\/\/ Copying styles to <styles> tag\n\t        element.innerHTML += \".iksm-22675 .iksm-terms{transition:all 400ms;animation:iks-fade-in 1000ms;}.iksm-22675 .iksm-terms-tree--children > .iksm-terms-tree__inner{animation:iks-zoom-in 400ms;}.iksm-22675 .iksm-term__inner{background-color:rgba(255,255,255,1);min-height:35px;transition:all 400ms;}.iksm-22675 .iksm-term__inner:hover{background-color:rgba(236,236,236,1);}.iksm-22675 .iksm-term--current > .iksm-term__inner{background-color:rgba(212,212,212,1);}.iksm-22675 .iksm-term__link{color:rgba(0,0,0,1);font-size:15px;line-height:15px;font-weight:300;text-decoration:none;padding-top:5px;padding-right:15px;padding-bottom:5px;padding-left:15px;transition:all 400ms;}.iksm-22675 .iksm-term__inner:hover .iksm-term__link{color:rgba(50,50,50,1);}.iksm-22675 .iksm-term__toggle__inner{transition:transform 400ms}.iksm-22675 .iksm-term--expanded > .iksm-term__inner > .iksm-term__toggle > .iksm-term__toggle__inner{transform:rotate(180deg);}.iksm-22675 .iksm-term__toggle{color:rgba(133,133,132,0.24);font-size:22px;align-self:stretch;height:unset;;width:40px;transition:all 400ms;}.iksm-22675 .iksm-term__toggle:hover{color:rgba(0,0,0,1);}.iksm-22675 .iksm-term__inner:hover .iksm-term__toggle{background-color:rgba(152,151,161,1);}.iksm-22675 .iksm-term__image-container{width:30px;min-width:30px;height:30px;min-height:30px;margin-right:15px;transition:all 400ms;}.iksm-22675 .iksm-term__image{background-size:contain;background-position:center;background-repeat:no-repeat;}.iksm-22675 .iksm-term__image-container:hover{background-size:contain;background-position:center;background-repeat:no-repeat;}.iksm-22675 .iksm-term__inner:hover .iksm-term__image-container{background-size:contain;background-position:center;background-repeat:no-repeat;}.iksm-22675 .iksm-term__inner:focus .iksm-term__image-container{background-size:contain;background-position:center;background-repeat:no-repeat;}.iksm-22675 .iksm-term--current > .iksm-term__inner .iksm-term__image-container{background-size:contain;background-position:center;background-repeat:no-repeat;}.iksm-22675 .iksm-term--child .iksm-term__inner .iksm-term__image-container{background-size:contain;background-position:center;background-repeat:no-repeat;}.iksm-22675 .iksm-term--child .iksm-term__inner .iksm-term__image-container:hover{background-size:contain;background-position:center;background-repeat:no-repeat;}.iksm-22675 .iksm-term--child .iksm-term__inner .iksm-term__image-container:focus{background-size:contain;background-position:center;background-repeat:no-repeat;}.iksm-22675 .iksm-term--child.iksm-term--current > .iksm-term__inner .iksm-term__image-container{background-size:contain;background-position:center;background-repeat:no-repeat;}.iksm-22675  .iksm-term__text{flex: unset}.iksm-22675 .iksm-term__posts-count{color:rgba(133,133,133,1);font-size:16px;margin-left:12px;font-weight:400;transition:all 400ms;}.iksm-22675 .iksm-term--collapsing > .iksm-terms-tree--children > .iksm-terms-tree__inner{animation:iks-zoom-out 400ms;}\";\n\t        \/\/ Removing this script\n            var this_script = document.getElementById(\"styles-copier-69def777043d0\");\n            if (this_script) { \/\/ Cache plugins can remove tag\n\t            this_script.outerHTML = \"\";\n\t            if (this_script.parentNode) {\n\t                this_script.parentNode.removeChild(this_script);\n\t            }\n            }\n        <\/script>\n<p><div class=\"berocket_single_filter_widget berocket_single_filter_widget_23081 bapf_wid_ \" data-wid=\"\" data-id=\"23081\" style=\"\"><div class=\"bapf_sfilter bapf_slct\" data-op=\"AND\" data-taxonomy=\"pa_selecione-a-cor\" data-name=\"Selecione a Cor\" id=\"bapf_1\"><div class=\"bapf_head\"><h3>Selecione a Cor<\/h3><\/div><div class=\"bapf_body\"><select class=\"bapf_select2\"><option id=\"bapf_1_any\" value=\"\">Todos<\/option><option data-name=\"Prata 925\" id=\"bapf_1_173\" value=\"173\">Prata 925<\/option><option data-name=\"Prata Banhada a Ouro 24K\" id=\"bapf_1_174\" value=\"174\">Prata Banhada a Ouro 24K<\/option><option data-name=\"Prata Oxidada\" id=\"bapf_1_175\" value=\"175\">Prata Oxidada<\/option><\/select><\/div><\/div><\/div><br \/><div class=\"berocket_single_filter_widget berocket_single_filter_widget_23082 bapf_wid_ \" data-wid=\"\" data-id=\"23082\" style=\"\"><div class=\"bapf_sfilter bapf_slct\" data-op=\"OR\" data-taxonomy=\"pa_pedra\" data-name=\"Selecione a Pedra\" id=\"bapf_2\"><div class=\"bapf_head\"><h3>Selecione a Pedra<\/h3><\/div><div class=\"bapf_body\"><select multiple=\"multiple\" class=\"bapf_select2\" data-placeholder=\"Todos\"><option data-name=\"Azul\" id=\"bapf_2_197\" value=\"197\">Azul<\/option><option data-name=\"Bege (Jade)\" id=\"bapf_2_210\" value=\"210\">Bege (Jade)<\/option><option data-name=\"Branco\" id=\"bapf_2_195\" value=\"195\">Branco<\/option><option data-name=\"Cereja (Dolomita)\" id=\"bapf_2_211\" value=\"211\">Cereja (Dolomita)<\/option><option data-name=\"Preta (Onix)\" id=\"bapf_2_333\" value=\"333\">Preta (Onix)<\/option><option data-name=\"Rosa\" id=\"bapf_2_215\" value=\"215\">Rosa<\/option><option data-name=\"Rosa (Quartz)\" id=\"bapf_2_209\" value=\"209\">Rosa (Quartz)<\/option><option data-name=\"Verde (Jade)\" id=\"bapf_2_196\" value=\"196\">Verde (Jade)<\/option><option data-name=\"Verde (Quartz)\" id=\"bapf_2_328\" value=\"328\">Verde (Quartz)<\/option><\/select><\/div><\/div><\/div><br \/><div class=\"berocket_single_filter_widget berocket_single_filter_widget_23083 bapf_wid_ \" data-wid=\"\" data-id=\"23083\" style=\"\"><div class=\"bapf_sfilter bapf_slct\" data-op=\"AND\" data-taxonomy=\"pa_tamanho\" data-name=\"Selecione o Tamanho\" id=\"bapf_3\"><div class=\"bapf_head\"><h3>Selecione o Tamanho<\/h3><\/div><div class=\"bapf_body\"><select class=\"bapf_select2\"><option id=\"bapf_3_any\" value=\"\">Todos<\/option><option data-name=\"12\" id=\"bapf_3_192\" value=\"192\">12<\/option><option data-name=\"13\" id=\"bapf_3_193\" value=\"193\">13<\/option><option data-name=\"14\" id=\"bapf_3_187\" value=\"187\">14<\/option><option data-name=\"15\" id=\"bapf_3_188\" value=\"188\">15<\/option><option data-name=\"16\" id=\"bapf_3_189\" value=\"189\">16<\/option><option data-name=\"17\" id=\"bapf_3_190\" value=\"190\">17<\/option><option data-name=\"18\" id=\"bapf_3_191\" value=\"191\">18<\/option><\/select><\/div><\/div><\/div><br \/><div class=\"berocket_single_filter_widget berocket_single_filter_widget_23084 bapf_wid_ \" data-wid=\"\" data-id=\"23084\" style=\"\"><div class=\"bapf_sfilter bapf_slidr bapf_slidr_jqrui\" data-op=\"slidr\" data-taxonomy=\"price\" data-name=\"Filtrar por Pre&ccedil;o\" id=\"bapf_4\"><div class=\"bapf_head\"><h3>Filtrar por Pre\u00e7o<\/h3><\/div><div class=\"bapf_body\"><div class=\"bapf_slidr_all\"><div class=\"bapf_slidr_main bapf_slidr_num\" data-display=\"wc_price\" data-min=\"0\" data-start=\"0\" data-max=\"375\" data-end=\"375\" data-step=\"1\" data-number_style=\"[&quot;&quot;,&quot;,&quot;,&quot;2&quot;]\"><\/div><span class=\"bapf_from\"><span class=\"bapf_tbprice\">&euro;<\/span><span class=\"bapf_val\"><\/span><\/span><span class=\"bapf_to\"><span class=\"bapf_tbprice\">&euro;<\/span><span class=\"bapf_val\"><\/span><\/span><\/div><\/div><\/div><\/div><br \/><div class=\"berocket_single_filter_widget berocket_single_filter_widget_23085 bapf_wid_ \" data-wid=\"\" data-id=\"23085\" style=\"\"><div class=\"bapf_sfilter bapf_button_berocket\"><div class=\"bapf_body\"><button class=\"bapf_button bapf_reset\">Limpar Filtros<\/button><\/div><\/div><\/div><\/p>\n\t\t\t<ul>\n<li id=\"woopack-product-1609\"  data-product-id=\"1609\">\n\t<a href=\"https:\/\/cleliajewellery.com\/produto\/ramo-alfinete\/\" rel=\"bookmark\" title=\"Ramo Alfinete\">\n\t\t\t<img width=\"300\" height=\"300\" src=\"https:\/\/cleliajewellery.com\/wp-content\/uploads\/2020\/06\/Alfinete-Ramo-dourado-SITE-300x300.jpg\" alt=\"\" decoding=\"async\" loading=\"lazy\" data-no-lazy=\"1\" srcset=\"https:\/\/cleliajewellery.com\/wp-content\/uploads\/2020\/06\/Alfinete-Ramo-dourado-SITE-300x300.jpg 300w, https:\/\/cleliajewellery.com\/wp-content\/uploads\/2020\/06\/Alfinete-Ramo-dourado-SITE-100x100.jpg 100w, https:\/\/cleliajewellery.com\/wp-content\/uploads\/2020\/06\/Alfinete-Ramo-dourado-SITE-600x600.jpg 600w, https:\/\/cleliajewellery.com\/wp-content\/uploads\/2020\/06\/Alfinete-Ramo-dourado-SITE-64x64.jpg 64w, https:\/\/cleliajewellery.com\/wp-content\/uploads\/2020\/06\/Alfinete-Ramo-dourado-SITE-500x500.jpg 500w, https:\/\/cleliajewellery.com\/wp-content\/uploads\/2020\/06\/Alfinete-Ramo-dourado-SITE-768x768.jpg 768w, https:\/\/cleliajewellery.com\/wp-content\/uploads\/2020\/06\/Alfinete-Ramo-dourado-SITE-12x12.jpg 12w, https:\/\/cleliajewellery.com\/wp-content\/uploads\/2020\/06\/Alfinete-Ramo-dourado-SITE.jpg 800w\" sizes=\"auto, (max-width: 300px) 100vw, 300px\" \/>\n\t\t\t\t\t\t\tQuick View\n\t\t\t\t\t<\/a>\n<h2>\n\t<a href=\"https:\/\/cleliajewellery.com\/produto\/ramo-alfinete\/\" rel=\"bookmark\" title=\"Ramo Alfinete\">\n\t\tRamo Alfinete\t<\/a>\n<\/h2>\n\tDesde <bdi>110,00&nbsp;&euro;<\/bdi>\n<\/li>\n<li id=\"woopack-product-1583\"  data-product-id=\"1583\">\n\t<a href=\"https:\/\/cleliajewellery.com\/produto\/ramo-colar\/\" rel=\"bookmark\" title=\"Ramo Colar\">\n\t\t\t<img width=\"300\" height=\"300\" src=\"https:\/\/cleliajewellery.com\/wp-content\/uploads\/2019\/06\/CLELIAJEWELLERY_-NECKLACE-EARRINGS-RAMO-1-300x300.jpg\" alt=\"\" decoding=\"async\" loading=\"lazy\" data-no-lazy=\"1\" srcset=\"https:\/\/cleliajewellery.com\/wp-content\/uploads\/2019\/06\/CLELIAJEWELLERY_-NECKLACE-EARRINGS-RAMO-1-300x300.jpg 300w, https:\/\/cleliajewellery.com\/wp-content\/uploads\/2019\/06\/CLELIAJEWELLERY_-NECKLACE-EARRINGS-RAMO-1-100x100.jpg 100w, https:\/\/cleliajewellery.com\/wp-content\/uploads\/2019\/06\/CLELIAJEWELLERY_-NECKLACE-EARRINGS-RAMO-1-600x600.jpg 600w, https:\/\/cleliajewellery.com\/wp-content\/uploads\/2019\/06\/CLELIAJEWELLERY_-NECKLACE-EARRINGS-RAMO-1-64x64.jpg 64w, https:\/\/cleliajewellery.com\/wp-content\/uploads\/2019\/06\/CLELIAJEWELLERY_-NECKLACE-EARRINGS-RAMO-1-500x500.jpg 500w, https:\/\/cleliajewellery.com\/wp-content\/uploads\/2019\/06\/CLELIAJEWELLERY_-NECKLACE-EARRINGS-RAMO-1-768x768.jpg 768w, https:\/\/cleliajewellery.com\/wp-content\/uploads\/2019\/06\/CLELIAJEWELLERY_-NECKLACE-EARRINGS-RAMO-1-12x12.jpg 12w, https:\/\/cleliajewellery.com\/wp-content\/uploads\/2019\/06\/CLELIAJEWELLERY_-NECKLACE-EARRINGS-RAMO-1.jpg 800w\" sizes=\"auto, (max-width: 300px) 100vw, 300px\" \/>\n\t\t\t\t\t\t\tQuick View\n\t\t\t\t\t<\/a>\n<h2>\n\t<a href=\"https:\/\/cleliajewellery.com\/produto\/ramo-colar\/\" rel=\"bookmark\" title=\"Ramo Colar\">\n\t\tRamo Colar\t<\/a>\n<\/h2>\n\tDesde <bdi>129,00&nbsp;&euro;<\/bdi>\n<\/li>\n<li id=\"woopack-product-1558\"  data-product-id=\"1558\">\n\t<a href=\"https:\/\/cleliajewellery.com\/produto\/ramo-brinco\/\" rel=\"bookmark\" title=\"Ramo Brincos\">\n\t\t\t<img width=\"300\" height=\"300\" src=\"https:\/\/cleliajewellery.com\/wp-content\/uploads\/2019\/11\/Ramo-brinco-SITE-1-1-300x300.jpg\" alt=\"\" decoding=\"async\" loading=\"lazy\" data-no-lazy=\"1\" srcset=\"https:\/\/cleliajewellery.com\/wp-content\/uploads\/2019\/11\/Ramo-brinco-SITE-1-1-300x300.jpg 300w, https:\/\/cleliajewellery.com\/wp-content\/uploads\/2019\/11\/Ramo-brinco-SITE-1-1-100x100.jpg 100w, https:\/\/cleliajewellery.com\/wp-content\/uploads\/2019\/11\/Ramo-brinco-SITE-1-1-600x600.jpg 600w, https:\/\/cleliajewellery.com\/wp-content\/uploads\/2019\/11\/Ramo-brinco-SITE-1-1-64x64.jpg 64w, https:\/\/cleliajewellery.com\/wp-content\/uploads\/2019\/11\/Ramo-brinco-SITE-1-1-500x500.jpg 500w, https:\/\/cleliajewellery.com\/wp-content\/uploads\/2019\/11\/Ramo-brinco-SITE-1-1-768x768.jpg 768w, https:\/\/cleliajewellery.com\/wp-content\/uploads\/2019\/11\/Ramo-brinco-SITE-1-1-12x12.jpg 12w, https:\/\/cleliajewellery.com\/wp-content\/uploads\/2019\/11\/Ramo-brinco-SITE-1-1.jpg 800w\" sizes=\"auto, (max-width: 300px) 100vw, 300px\" \/>\n\t\t\t\t\t\t\tQuick View\n\t\t\t\t\t<\/a>\n<h2>\n\t<a href=\"https:\/\/cleliajewellery.com\/produto\/ramo-brinco\/\" rel=\"bookmark\" title=\"Ramo Brincos\">\n\t\tRamo Brincos\t<\/a>\n<\/h2>\n\tDesde <bdi>55,00&nbsp;&euro;<\/bdi>\n<\/li>\n\t\t\t\t\n\t\t\t<\/ul>\n\n","protected":false},"excerpt":{"rendered":"<p>The sounds of Nature can almost be heard in this delicate collection. With Nature we learn that everything grows again, that it returns, and that it can be even more beautiful. As such, it is our duty to protect it! See Collection Filters Filters Quick View Branch Pin From \u20ac110.00 Quick View Branch Necklace From \u20ac129.00 Quick View Branch Earrings\u2026<\/p>","protected":false},"author":1,"featured_media":0,"parent":0,"menu_order":0,"comment_status":"closed","ping_status":"closed","template":"","meta":{"_joinchat":[],"footnotes":""},"class_list":["post-23044","page","type-page","status-publish","hentry"],"_links":{"self":[{"href":"https:\/\/cleliajewellery.com\/en\/wp-json\/wp\/v2\/pages\/23044","targetHints":{"allow":["GET"]}}],"collection":[{"href":"https:\/\/cleliajewellery.com\/en\/wp-json\/wp\/v2\/pages"}],"about":[{"href":"https:\/\/cleliajewellery.com\/en\/wp-json\/wp\/v2\/types\/page"}],"author":[{"embeddable":true,"href":"https:\/\/cleliajewellery.com\/en\/wp-json\/wp\/v2\/users\/1"}],"replies":[{"embeddable":true,"href":"https:\/\/cleliajewellery.com\/en\/wp-json\/wp\/v2\/comments?post=23044"}],"version-history":[{"count":11,"href":"https:\/\/cleliajewellery.com\/en\/wp-json\/wp\/v2\/pages\/23044\/revisions"}],"predecessor-version":[{"id":23811,"href":"https:\/\/cleliajewellery.com\/en\/wp-json\/wp\/v2\/pages\/23044\/revisions\/23811"}],"wp:attachment":[{"href":"https:\/\/cleliajewellery.com\/en\/wp-json\/wp\/v2\/media?parent=23044"}],"curies":[{"name":"wp","href":"https:\/\/api.w.org\/{rel}","templated":true}]}}