{"id":24141,"date":"2025-01-16T22:55:15","date_gmt":"2025-01-16T22:55:15","guid":{"rendered":"https:\/\/cleliajewellery.com\/?page_id=24141"},"modified":"2026-02-04T13:04:32","modified_gmt":"2026-02-04T13:04:32","slug":"aliancas-casamento-autor-lisboa","status":"publish","type":"page","link":"https:\/\/cleliajewellery.com\/en\/aliancas-casamento-autor-lisboa\/","title":{"rendered":"\u00a0Wedding and Engagement Rings and Handmade Jewelry"},"content":{"rendered":"<h2>\n\t\t\tEngagement &amp; Wedding\t<\/h2>\n<h1>\n\t\t\tWedding Rings and Designer Jewelry Pieces Handmade\t<\/h1>\n<h2>\n\t\t\tAt the Cl\u00e9lia Jewellery atelier in Lisbon, they create handcrafted, bespoke wedding rings designed to immortalize unique love stories.\t<\/h2>\n<figure itemscope itemtype=\"https:\/\/schema.org\/ImageObject\">\n\t\t\t\t<img decoding=\"async\" src=\"https:\/\/cleliajewellery.com\/wp-content\/uploads\/2025\/01\/casamentos-e-noivados-clelia-jewewllery-aliancas-e-joias-de-autor-feito-a-mao-9.jpg\" alt=\"alian\u00e7as de casamento de autor Clelia Jewellery\" height=\"1066\" width=\"1600\" title=\"Weddings and engagements, Clelia Jewellery, handmade rings and designer jewelry.\" onerror=\"this.style.display='none'\" loading=\"lazy\" \/>\n\t<\/figure>\n<h3>\n\t\t\tImmortalizing Love\t<\/h3>\n\t<p>The wedding day is an unforgettable milestone in any couple&#039;s life, a moment of celebration, love, and unity. Every detail counts to make this occasion even more special, and it&#039;s an honor to be able to contribute to making the couple&#039;s dreams come true.<\/p>\n<p>In my atelier, I dedicate myself to creating handmade rings and jewelry pieces, personalized to reflect the essence of your love. Each piece is unique, just like your story, designed with care and attention to immortalize this magical moment.<\/p>\n<p>Each wedding ring is handcrafted in my Lisbon atelier, with attention to detail, symbolism, and the identity of each couple.<\/p>\n<h3>\n\t\t\tA Special Invitation\u2026\t<\/h3>\n\tI invite you to schedule a visit to my studio in Lisbon for the creation of handcrafted, fully personalized, designer wedding rings.<br \/>\nEach pair of wedding rings is born from an intimate conversation, transforming emotions and stories into unique jewels. We can discuss your ideas, inspirations, and dreams. Together, we will transform your desires into jewels that symbolize love and the promise of a life together.\n<p>Come create memories that will last forever.<\/p>\n\t\t\t<a href=\"https:\/\/cleliajewellery.com\/en\/contactos\/\"  target=\"_self\">\n\t\t\t\t\t\t\tCONTACT US\n\t\t\t\t\t<\/a>\n<figure itemscope itemtype=\"https:\/\/schema.org\/ImageObject\">\n\t\t\t\t<img decoding=\"async\" src=\"https:\/\/cleliajewellery.com\/wp-content\/uploads\/2025\/01\/casamentos-e-noivados-clelia-jewewllery-aliancas-e-joias-de-autor-feito-a-mao-6.jpg\" alt=\"casamentos e noivados clelia jewewllery alian\u00e7as e joias de autor feito a mao (6)\" height=\"800\" width=\"800\" title=\"weddings and engagements clelia jewewllery handmade designer rings and jewelry (6)\" onerror=\"this.style.display='none'\" loading=\"lazy\" \/>\n\t<\/figure>","protected":false},"excerpt":{"rendered":"<p>Noivado &#038; Casamento Alian\u00e7as de Casamento e Pe\u00e7as de Joalharia de Autor Feitas \u00e0 M\u00e3o No atelier Cl\u00e9lia Jewellery, em Lisboa, criam-se alian\u00e7as de casamento de autor, feitas \u00e0 m\u00e3o e por medida, pensadas para eternizar hist\u00f3rias \u00fanicas de amor. Eternizando o Amor O dia do casamento \u00e9 um marco inesquec\u00edvel na vida de qualquer&hellip;<\/p>","protected":false},"author":1,"featured_media":24148,"parent":0,"menu_order":0,"comment_status":"closed","ping_status":"closed","template":"","meta":{"_joinchat":[],"footnotes":""},"class_list":["post-24141","page","type-page","status-publish","has-post-thumbnail","hentry"],"_links":{"self":[{"href":"https:\/\/cleliajewellery.com\/en\/wp-json\/wp\/v2\/pages\/24141","targetHints":{"allow":["GET"]}}],"collection":[{"href":"https:\/\/cleliajewellery.com\/en\/wp-json\/wp\/v2\/pages"}],"about":[{"href":"https:\/\/cleliajewellery.com\/en\/wp-json\/wp\/v2\/types\/page"}],"author":[{"embeddable":true,"href":"https:\/\/cleliajewellery.com\/en\/wp-json\/wp\/v2\/users\/1"}],"replies":[{"embeddable":true,"href":"https:\/\/cleliajewellery.com\/en\/wp-json\/wp\/v2\/comments?post=24141"}],"version-history":[{"count":11,"href":"https:\/\/cleliajewellery.com\/en\/wp-json\/wp\/v2\/pages\/24141\/revisions"}],"predecessor-version":[{"id":24492,"href":"https:\/\/cleliajewellery.com\/en\/wp-json\/wp\/v2\/pages\/24141\/revisions\/24492"}],"wp:featuredmedia":[{"embeddable":true,"href":"https:\/\/cleliajewellery.com\/en\/wp-json\/wp\/v2\/media\/24148"}],"wp:attachment":[{"href":"https:\/\/cleliajewellery.com\/en\/wp-json\/wp\/v2\/media?parent=24141"}],"curies":[{"name":"wp","href":"https:\/\/api.w.org\/{rel}","templated":true}]}}